{"id":1909,"date":"2024-12-05T15:40:38","date_gmt":"2024-12-05T14:40:38","guid":{"rendered":"https:\/\/museedujeu.ch\/?page_id=1909"},"modified":"2025-06-18T15:06:58","modified_gmt":"2025-06-18T13:06:58","slug":"shop-3","status":"publish","type":"page","link":"https:\/\/museedujeu.ch\/de\/shop-3\/","title":{"rendered":"Spielzimmer"},"content":{"rendered":"\n<p>Willkommen im Spielzimmer, das an den <a href=\"https:\/\/museedujeu.ch\/de\/shop-4\/\">Shop<\/a> des Schweizer Spielmuseums angrenzt. Dieser Raum ist dem Spielvergn\u00fcgen und der Entdeckung gewidmet und f\u00fcr jedermann zug\u00e4nglich, ohne dass Sie das Museum besuchen m\u00fcssen.<\/p>\n\n<ul class=\"wp-block-list\">\n<li><strong>Zahlreiche Spiele zur freien Verf\u00fcgung<\/strong>: Entdecken und testen Sie eine gro\u00dfe Auswahl an Spielen, von zeitlosen Klassikern bis zu den neuesten Entwicklungen, um Ihre zuk\u00fcnftigen Favoriten zu finden, bevor Sie sie im <a href=\"https:\/\/museedujeu.ch\/de\/shop-4\/\">Gesch\u00e4ft<\/a> kaufen.<\/li>\n<\/ul>\n\n<ul class=\"wp-block-list\">\n<li><strong>Ein geselliger<\/strong> Bereich: Genie\u00dfen Sie entspannende Momente mit der Familie oder mit Freunden in einem gem\u00fctlichen und spielerischen Bereich.<\/li>\n<\/ul>\n\n<ul class=\"wp-block-list\">\n<li><strong>Getr\u00e4nke und Snacks<\/strong>: Genie\u00dfen Sie ein hei\u00dfes oder kaltes Getr\u00e4nk und die Snacks, die an der Rezeption angeboten werden, um Ihre Spielzeit zu begleiten.<\/li>\n<\/ul>\n\n<p>Ob Sie auf der Durchreise sind, auf der Suche nach einem neuen Spiel oder einfach nur auf der Suche nach einem Moment der spielerischen Entspannung, unser Spielsaal wartet auf Sie!<\/p>\n\n<p><strong>Der Eintritt ist frei und kostenlos. Entdecken Sie, spielen Sie und genie\u00dfen Sie einen Moment des Spielvergn\u00fcgens im MSJ!<\/strong><\/p>\n\n<p><\/p>\n","protected":false},"excerpt":{"rendered":"<p>Willkommen im Spielzimmer, das an den Shop des Schweizer Spielmuseums angrenzt. Dieser Raum ist dem Spielvergn\u00fcgen und der Entdeckung gewidmet und f\u00fcr jedermann zug\u00e4nglich, ohne dass Sie das Museum besuchen m\u00fcssen. Ob Sie auf der Durchreise sind, auf der Suche nach einem neuen Spiel oder einfach nur auf der Suche nach einem Moment der spielerischen [&hellip;]<\/p>\n","protected":false},"author":5,"featured_media":0,"parent":0,"menu_order":0,"comment_status":"closed","ping_status":"closed","template":"template-store.php","meta":{"_acf_changed":false,"footnotes":""},"class_list":["post-1909","page","type-page","status-publish","hentry"],"acf":[],"yoast_head":"<!-- This site is optimized with the Yoast SEO plugin v27.4 - https:\/\/yoast.com\/product\/yoast-seo-wordpress\/ -->\n<title>Spielzimmer | Mus\u00e9e Suisse du Jeu<\/title>\n<meta name=\"robots\" content=\"index, follow, max-snippet:-1, max-image-preview:large, max-video-preview:-1\" \/>\n<link rel=\"canonical\" href=\"https:\/\/museedujeu.ch\/de\/shop-3\/\" \/>\n<meta property=\"og:locale\" content=\"de_DE\" \/>\n<meta property=\"og:type\" content=\"article\" \/>\n<meta property=\"og:title\" content=\"Spielzimmer | Mus\u00e9e Suisse du Jeu\" \/>\n<meta property=\"og:description\" content=\"Willkommen im Spielzimmer, das an den Shop des Schweizer Spielmuseums angrenzt. Dieser Raum ist dem Spielvergn\u00fcgen und der Entdeckung gewidmet und f\u00fcr jedermann zug\u00e4nglich, ohne dass Sie das Museum besuchen m\u00fcssen. Ob Sie auf der Durchreise sind, auf der Suche nach einem neuen Spiel oder einfach nur auf der Suche nach einem Moment der spielerischen [&hellip;]\" \/>\n<meta property=\"og:url\" content=\"https:\/\/museedujeu.ch\/de\/shop-3\/\" \/>\n<meta property=\"og:site_name\" content=\"Mus\u00e9e Suisse du Jeu\" \/>\n<meta property=\"article:publisher\" content=\"https:\/\/www.facebook.com\/museesuissedujeu\" \/>\n<meta property=\"article:modified_time\" content=\"2025-06-18T13:06:58+00:00\" \/>\n<meta property=\"og:image\" content=\"https:\/\/museedujeu.ch\/wp-content\/uploads\/2024\/02\/frame-1..jpg\" \/>\n\t<meta property=\"og:image:width\" content=\"2400\" \/>\n\t<meta property=\"og:image:height\" content=\"1350\" \/>\n\t<meta property=\"og:image:type\" content=\"image\/jpeg\" \/>\n<meta name=\"twitter:card\" content=\"summary_large_image\" \/>\n<meta name=\"twitter:label1\" content=\"Gesch\u00e4tzte Lesezeit\" \/>\n\t<meta name=\"twitter:data1\" content=\"1\u00a0Minute\" \/>\n<script type=\"application\/ld+json\" class=\"yoast-schema-graph\">{\"@context\":\"https:\\\/\\\/schema.org\",\"@graph\":[{\"@type\":\"WebPage\",\"@id\":\"https:\\\/\\\/museedujeu.ch\\\/de\\\/shop-3\\\/\",\"url\":\"https:\\\/\\\/museedujeu.ch\\\/de\\\/shop-3\\\/\",\"name\":\"Spielzimmer | Mus\u00e9e Suisse du Jeu\",\"isPartOf\":{\"@id\":\"https:\\\/\\\/museedujeu.ch\\\/de\\\/#website\"},\"datePublished\":\"2024-12-05T14:40:38+00:00\",\"dateModified\":\"2025-06-18T13:06:58+00:00\",\"breadcrumb\":{\"@id\":\"https:\\\/\\\/museedujeu.ch\\\/de\\\/shop-3\\\/#breadcrumb\"},\"inLanguage\":\"de\",\"potentialAction\":[{\"@type\":\"ReadAction\",\"target\":[\"https:\\\/\\\/museedujeu.ch\\\/de\\\/shop-3\\\/\"]}]},{\"@type\":\"BreadcrumbList\",\"@id\":\"https:\\\/\\\/museedujeu.ch\\\/de\\\/shop-3\\\/#breadcrumb\",\"itemListElement\":[{\"@type\":\"ListItem\",\"position\":1,\"name\":\"Accueil\",\"item\":\"https:\\\/\\\/museedujeu.ch\\\/de\\\/startseite\\\/\"},{\"@type\":\"ListItem\",\"position\":2,\"name\":\"Spielzimmer\"}]},{\"@type\":\"WebSite\",\"@id\":\"https:\\\/\\\/museedujeu.ch\\\/de\\\/#website\",\"url\":\"https:\\\/\\\/museedujeu.ch\\\/de\\\/\",\"name\":\"Mus\u00e9e Suisse du jeu\",\"description\":\"Voyage ludique et fascinant dans le monde des jeux\",\"publisher\":{\"@id\":\"https:\\\/\\\/museedujeu.ch\\\/de\\\/#organization\"},\"alternateName\":\"MSJ\",\"potentialAction\":[{\"@type\":\"SearchAction\",\"target\":{\"@type\":\"EntryPoint\",\"urlTemplate\":\"https:\\\/\\\/museedujeu.ch\\\/de\\\/?s={search_term_string}\"},\"query-input\":{\"@type\":\"PropertyValueSpecification\",\"valueRequired\":true,\"valueName\":\"search_term_string\"}}],\"inLanguage\":\"de\"},{\"@type\":\"Organization\",\"@id\":\"https:\\\/\\\/museedujeu.ch\\\/de\\\/#organization\",\"name\":\"Mus\u00e9e Suisse du jeu\",\"alternateName\":\"MSJ\",\"url\":\"https:\\\/\\\/museedujeu.ch\\\/de\\\/\",\"logo\":{\"@type\":\"ImageObject\",\"inLanguage\":\"de\",\"@id\":\"https:\\\/\\\/museedujeu.ch\\\/de\\\/#\\\/schema\\\/logo\\\/image\\\/\",\"url\":\"https:\\\/\\\/museedujeu.321dev.ch\\\/wp-content\\\/uploads\\\/2024\\\/01\\\/favicon..png\",\"contentUrl\":\"https:\\\/\\\/museedujeu.321dev.ch\\\/wp-content\\\/uploads\\\/2024\\\/01\\\/favicon..png\",\"width\":512,\"height\":512,\"caption\":\"Mus\u00e9e Suisse du jeu\"},\"image\":{\"@id\":\"https:\\\/\\\/museedujeu.ch\\\/de\\\/#\\\/schema\\\/logo\\\/image\\\/\"},\"sameAs\":[\"https:\\\/\\\/www.facebook.com\\\/museesuissedujeu\",\"https:\\\/\\\/www.instagram.com\\\/museesuissedujeu\\\/\"]}]}<\/script>\n<!-- \/ Yoast SEO plugin. -->","yoast_head_json":{"title":"Spielzimmer | Mus\u00e9e Suisse du Jeu","robots":{"index":"index","follow":"follow","max-snippet":"max-snippet:-1","max-image-preview":"max-image-preview:large","max-video-preview":"max-video-preview:-1"},"canonical":"https:\/\/museedujeu.ch\/de\/shop-3\/","og_locale":"de_DE","og_type":"article","og_title":"Spielzimmer | Mus\u00e9e Suisse du Jeu","og_description":"Willkommen im Spielzimmer, das an den Shop des Schweizer Spielmuseums angrenzt. Dieser Raum ist dem Spielvergn\u00fcgen und der Entdeckung gewidmet und f\u00fcr jedermann zug\u00e4nglich, ohne dass Sie das Museum besuchen m\u00fcssen. Ob Sie auf der Durchreise sind, auf der Suche nach einem neuen Spiel oder einfach nur auf der Suche nach einem Moment der spielerischen [&hellip;]","og_url":"https:\/\/museedujeu.ch\/de\/shop-3\/","og_site_name":"Mus\u00e9e Suisse du Jeu","article_publisher":"https:\/\/www.facebook.com\/museesuissedujeu","article_modified_time":"2025-06-18T13:06:58+00:00","og_image":[{"width":2400,"height":1350,"url":"https:\/\/museedujeu.ch\/wp-content\/uploads\/2024\/02\/frame-1..jpg","type":"image\/jpeg"}],"twitter_card":"summary_large_image","twitter_misc":{"Gesch\u00e4tzte Lesezeit":"1\u00a0Minute"},"schema":{"@context":"https:\/\/schema.org","@graph":[{"@type":"WebPage","@id":"https:\/\/museedujeu.ch\/de\/shop-3\/","url":"https:\/\/museedujeu.ch\/de\/shop-3\/","name":"Spielzimmer | Mus\u00e9e Suisse du Jeu","isPartOf":{"@id":"https:\/\/museedujeu.ch\/de\/#website"},"datePublished":"2024-12-05T14:40:38+00:00","dateModified":"2025-06-18T13:06:58+00:00","breadcrumb":{"@id":"https:\/\/museedujeu.ch\/de\/shop-3\/#breadcrumb"},"inLanguage":"de","potentialAction":[{"@type":"ReadAction","target":["https:\/\/museedujeu.ch\/de\/shop-3\/"]}]},{"@type":"BreadcrumbList","@id":"https:\/\/museedujeu.ch\/de\/shop-3\/#breadcrumb","itemListElement":[{"@type":"ListItem","position":1,"name":"Accueil","item":"https:\/\/museedujeu.ch\/de\/startseite\/"},{"@type":"ListItem","position":2,"name":"Spielzimmer"}]},{"@type":"WebSite","@id":"https:\/\/museedujeu.ch\/de\/#website","url":"https:\/\/museedujeu.ch\/de\/","name":"Mus\u00e9e Suisse du jeu","description":"Voyage ludique et fascinant dans le monde des jeux","publisher":{"@id":"https:\/\/museedujeu.ch\/de\/#organization"},"alternateName":"MSJ","potentialAction":[{"@type":"SearchAction","target":{"@type":"EntryPoint","urlTemplate":"https:\/\/museedujeu.ch\/de\/?s={search_term_string}"},"query-input":{"@type":"PropertyValueSpecification","valueRequired":true,"valueName":"search_term_string"}}],"inLanguage":"de"},{"@type":"Organization","@id":"https:\/\/museedujeu.ch\/de\/#organization","name":"Mus\u00e9e Suisse du jeu","alternateName":"MSJ","url":"https:\/\/museedujeu.ch\/de\/","logo":{"@type":"ImageObject","inLanguage":"de","@id":"https:\/\/museedujeu.ch\/de\/#\/schema\/logo\/image\/","url":"https:\/\/museedujeu.321dev.ch\/wp-content\/uploads\/2024\/01\/favicon..png","contentUrl":"https:\/\/museedujeu.321dev.ch\/wp-content\/uploads\/2024\/01\/favicon..png","width":512,"height":512,"caption":"Mus\u00e9e Suisse du jeu"},"image":{"@id":"https:\/\/museedujeu.ch\/de\/#\/schema\/logo\/image\/"},"sameAs":["https:\/\/www.facebook.com\/museesuissedujeu","https:\/\/www.instagram.com\/museesuissedujeu\/"]}]}},"_links":{"self":[{"href":"https:\/\/museedujeu.ch\/de\/wp-json\/wp\/v2\/pages\/1909","targetHints":{"allow":["GET"]}}],"collection":[{"href":"https:\/\/museedujeu.ch\/de\/wp-json\/wp\/v2\/pages"}],"about":[{"href":"https:\/\/museedujeu.ch\/de\/wp-json\/wp\/v2\/types\/page"}],"author":[{"embeddable":true,"href":"https:\/\/museedujeu.ch\/de\/wp-json\/wp\/v2\/users\/5"}],"replies":[{"embeddable":true,"href":"https:\/\/museedujeu.ch\/de\/wp-json\/wp\/v2\/comments?post=1909"}],"version-history":[{"count":0,"href":"https:\/\/museedujeu.ch\/de\/wp-json\/wp\/v2\/pages\/1909\/revisions"}],"wp:attachment":[{"href":"https:\/\/museedujeu.ch\/de\/wp-json\/wp\/v2\/media?parent=1909"}],"curies":[{"name":"wp","href":"https:\/\/api.w.org\/{rel}","templated":true}]}}