{"id":1756,"date":"2024-11-14T11:47:14","date_gmt":"2024-11-14T10:47:14","guid":{"rendered":"https:\/\/museedujeu.ch\/das-museum\/"},"modified":"2024-11-14T11:47:14","modified_gmt":"2024-11-14T10:47:14","slug":"das-museum-2","status":"publish","type":"page","link":"https:\/\/museedujeu.ch\/de\/das-museum-2\/","title":{"rendered":"Das Museum"},"content":{"rendered":"\n<p>Das Schweizer Spielmuseum wurde 1987 er\u00f6ffnet und von Michel Etter entworfen. Seit seiner Gr\u00fcndung wurde es von der Vereinigung der Freunde des Museums unterst\u00fctzt und 2004 wurde eine Stiftung gegr\u00fcndet. Bis 2017 folgten nicht weniger als 27 tempor\u00e4re Ausstellungen aufeinander. Das Museum hat seinen Platz als einziges Museum in der Schweiz, das sich mit der Kulturgeschichte der Spiele befasst, nicht verloren. Heute hat er eine internationale Ausstrahlung!<\/p>\n","protected":false},"excerpt":{"rendered":"<p>Das Schweizer Spielmuseum wurde 1987 er\u00f6ffnet und von Michel Etter entworfen. Seit seiner Gr\u00fcndung wurde es von der Vereinigung der Freunde des Museums unterst\u00fctzt und 2004 wurde eine Stiftung gegr\u00fcndet. Bis 2017 folgten nicht weniger als 27 tempor\u00e4re Ausstellungen aufeinander. Das Museum hat seinen Platz als einziges Museum in der Schweiz, das sich mit der [&hellip;]<\/p>\n","protected":false},"author":1,"featured_media":0,"parent":0,"menu_order":0,"comment_status":"closed","ping_status":"closed","template":"template-store.php","meta":{"_acf_changed":false,"footnotes":""},"class_list":["post-1756","page","type-page","status-publish","hentry"],"acf":[],"yoast_head":"<!-- This site is optimized with the Yoast SEO plugin v27.4 - https:\/\/yoast.com\/product\/yoast-seo-wordpress\/ -->\n<title>Das Museum | Mus\u00e9e Suisse du Jeu<\/title>\n<meta name=\"robots\" content=\"index, follow, max-snippet:-1, max-image-preview:large, max-video-preview:-1\" \/>\n<link rel=\"canonical\" href=\"https:\/\/museedujeu.ch\/de\/das-museum-2\/\" \/>\n<meta property=\"og:locale\" content=\"de_DE\" \/>\n<meta property=\"og:type\" content=\"article\" \/>\n<meta property=\"og:title\" content=\"Das Museum | Mus\u00e9e Suisse du Jeu\" \/>\n<meta property=\"og:description\" content=\"Das Schweizer Spielmuseum wurde 1987 er\u00f6ffnet und von Michel Etter entworfen. Seit seiner Gr\u00fcndung wurde es von der Vereinigung der Freunde des Museums unterst\u00fctzt und 2004 wurde eine Stiftung gegr\u00fcndet. Bis 2017 folgten nicht weniger als 27 tempor\u00e4re Ausstellungen aufeinander. Das Museum hat seinen Platz als einziges Museum in der Schweiz, das sich mit der [&hellip;]\" \/>\n<meta property=\"og:url\" content=\"https:\/\/museedujeu.ch\/de\/das-museum-2\/\" \/>\n<meta property=\"og:site_name\" content=\"Mus\u00e9e Suisse du Jeu\" \/>\n<meta property=\"article:publisher\" content=\"https:\/\/www.facebook.com\/museesuissedujeu\" \/>\n<meta property=\"og:image\" content=\"https:\/\/museedujeu.ch\/wp-content\/uploads\/2024\/02\/frame-1..jpg\" \/>\n\t<meta property=\"og:image:width\" content=\"2400\" \/>\n\t<meta property=\"og:image:height\" content=\"1350\" \/>\n\t<meta property=\"og:image:type\" content=\"image\/jpeg\" \/>\n<meta name=\"twitter:card\" content=\"summary_large_image\" \/>\n<script type=\"application\/ld+json\" class=\"yoast-schema-graph\">{\"@context\":\"https:\\\/\\\/schema.org\",\"@graph\":[{\"@type\":\"WebPage\",\"@id\":\"https:\\\/\\\/museedujeu.ch\\\/de\\\/das-museum-2\\\/\",\"url\":\"https:\\\/\\\/museedujeu.ch\\\/de\\\/das-museum-2\\\/\",\"name\":\"Das Museum | Mus\u00e9e Suisse du Jeu\",\"isPartOf\":{\"@id\":\"https:\\\/\\\/museedujeu.ch\\\/de\\\/#website\"},\"datePublished\":\"2024-11-14T10:47:14+00:00\",\"breadcrumb\":{\"@id\":\"https:\\\/\\\/museedujeu.ch\\\/de\\\/das-museum-2\\\/#breadcrumb\"},\"inLanguage\":\"de\",\"potentialAction\":[{\"@type\":\"ReadAction\",\"target\":[\"https:\\\/\\\/museedujeu.ch\\\/de\\\/das-museum-2\\\/\"]}]},{\"@type\":\"BreadcrumbList\",\"@id\":\"https:\\\/\\\/museedujeu.ch\\\/de\\\/das-museum-2\\\/#breadcrumb\",\"itemListElement\":[{\"@type\":\"ListItem\",\"position\":1,\"name\":\"Accueil\",\"item\":\"https:\\\/\\\/museedujeu.ch\\\/de\\\/startseite\\\/\"},{\"@type\":\"ListItem\",\"position\":2,\"name\":\"Das Museum\"}]},{\"@type\":\"WebSite\",\"@id\":\"https:\\\/\\\/museedujeu.ch\\\/de\\\/#website\",\"url\":\"https:\\\/\\\/museedujeu.ch\\\/de\\\/\",\"name\":\"Mus\u00e9e Suisse du jeu\",\"description\":\"Voyage ludique et fascinant dans le monde des jeux\",\"publisher\":{\"@id\":\"https:\\\/\\\/museedujeu.ch\\\/de\\\/#organization\"},\"alternateName\":\"MSJ\",\"potentialAction\":[{\"@type\":\"SearchAction\",\"target\":{\"@type\":\"EntryPoint\",\"urlTemplate\":\"https:\\\/\\\/museedujeu.ch\\\/de\\\/?s={search_term_string}\"},\"query-input\":{\"@type\":\"PropertyValueSpecification\",\"valueRequired\":true,\"valueName\":\"search_term_string\"}}],\"inLanguage\":\"de\"},{\"@type\":\"Organization\",\"@id\":\"https:\\\/\\\/museedujeu.ch\\\/de\\\/#organization\",\"name\":\"Mus\u00e9e Suisse du jeu\",\"alternateName\":\"MSJ\",\"url\":\"https:\\\/\\\/museedujeu.ch\\\/de\\\/\",\"logo\":{\"@type\":\"ImageObject\",\"inLanguage\":\"de\",\"@id\":\"https:\\\/\\\/museedujeu.ch\\\/de\\\/#\\\/schema\\\/logo\\\/image\\\/\",\"url\":\"https:\\\/\\\/museedujeu.321dev.ch\\\/wp-content\\\/uploads\\\/2024\\\/01\\\/favicon..png\",\"contentUrl\":\"https:\\\/\\\/museedujeu.321dev.ch\\\/wp-content\\\/uploads\\\/2024\\\/01\\\/favicon..png\",\"width\":512,\"height\":512,\"caption\":\"Mus\u00e9e Suisse du jeu\"},\"image\":{\"@id\":\"https:\\\/\\\/museedujeu.ch\\\/de\\\/#\\\/schema\\\/logo\\\/image\\\/\"},\"sameAs\":[\"https:\\\/\\\/www.facebook.com\\\/museesuissedujeu\",\"https:\\\/\\\/www.instagram.com\\\/museesuissedujeu\\\/\"]}]}<\/script>\n<!-- \/ Yoast SEO plugin. -->","yoast_head_json":{"title":"Das Museum | Mus\u00e9e Suisse du Jeu","robots":{"index":"index","follow":"follow","max-snippet":"max-snippet:-1","max-image-preview":"max-image-preview:large","max-video-preview":"max-video-preview:-1"},"canonical":"https:\/\/museedujeu.ch\/de\/das-museum-2\/","og_locale":"de_DE","og_type":"article","og_title":"Das Museum | Mus\u00e9e Suisse du Jeu","og_description":"Das Schweizer Spielmuseum wurde 1987 er\u00f6ffnet und von Michel Etter entworfen. Seit seiner Gr\u00fcndung wurde es von der Vereinigung der Freunde des Museums unterst\u00fctzt und 2004 wurde eine Stiftung gegr\u00fcndet. Bis 2017 folgten nicht weniger als 27 tempor\u00e4re Ausstellungen aufeinander. Das Museum hat seinen Platz als einziges Museum in der Schweiz, das sich mit der [&hellip;]","og_url":"https:\/\/museedujeu.ch\/de\/das-museum-2\/","og_site_name":"Mus\u00e9e Suisse du Jeu","article_publisher":"https:\/\/www.facebook.com\/museesuissedujeu","og_image":[{"width":2400,"height":1350,"url":"https:\/\/museedujeu.ch\/wp-content\/uploads\/2024\/02\/frame-1..jpg","type":"image\/jpeg"}],"twitter_card":"summary_large_image","schema":{"@context":"https:\/\/schema.org","@graph":[{"@type":"WebPage","@id":"https:\/\/museedujeu.ch\/de\/das-museum-2\/","url":"https:\/\/museedujeu.ch\/de\/das-museum-2\/","name":"Das Museum | Mus\u00e9e Suisse du Jeu","isPartOf":{"@id":"https:\/\/museedujeu.ch\/de\/#website"},"datePublished":"2024-11-14T10:47:14+00:00","breadcrumb":{"@id":"https:\/\/museedujeu.ch\/de\/das-museum-2\/#breadcrumb"},"inLanguage":"de","potentialAction":[{"@type":"ReadAction","target":["https:\/\/museedujeu.ch\/de\/das-museum-2\/"]}]},{"@type":"BreadcrumbList","@id":"https:\/\/museedujeu.ch\/de\/das-museum-2\/#breadcrumb","itemListElement":[{"@type":"ListItem","position":1,"name":"Accueil","item":"https:\/\/museedujeu.ch\/de\/startseite\/"},{"@type":"ListItem","position":2,"name":"Das Museum"}]},{"@type":"WebSite","@id":"https:\/\/museedujeu.ch\/de\/#website","url":"https:\/\/museedujeu.ch\/de\/","name":"Mus\u00e9e Suisse du jeu","description":"Voyage ludique et fascinant dans le monde des jeux","publisher":{"@id":"https:\/\/museedujeu.ch\/de\/#organization"},"alternateName":"MSJ","potentialAction":[{"@type":"SearchAction","target":{"@type":"EntryPoint","urlTemplate":"https:\/\/museedujeu.ch\/de\/?s={search_term_string}"},"query-input":{"@type":"PropertyValueSpecification","valueRequired":true,"valueName":"search_term_string"}}],"inLanguage":"de"},{"@type":"Organization","@id":"https:\/\/museedujeu.ch\/de\/#organization","name":"Mus\u00e9e Suisse du jeu","alternateName":"MSJ","url":"https:\/\/museedujeu.ch\/de\/","logo":{"@type":"ImageObject","inLanguage":"de","@id":"https:\/\/museedujeu.ch\/de\/#\/schema\/logo\/image\/","url":"https:\/\/museedujeu.321dev.ch\/wp-content\/uploads\/2024\/01\/favicon..png","contentUrl":"https:\/\/museedujeu.321dev.ch\/wp-content\/uploads\/2024\/01\/favicon..png","width":512,"height":512,"caption":"Mus\u00e9e Suisse du jeu"},"image":{"@id":"https:\/\/museedujeu.ch\/de\/#\/schema\/logo\/image\/"},"sameAs":["https:\/\/www.facebook.com\/museesuissedujeu","https:\/\/www.instagram.com\/museesuissedujeu\/"]}]}},"_links":{"self":[{"href":"https:\/\/museedujeu.ch\/de\/wp-json\/wp\/v2\/pages\/1756","targetHints":{"allow":["GET"]}}],"collection":[{"href":"https:\/\/museedujeu.ch\/de\/wp-json\/wp\/v2\/pages"}],"about":[{"href":"https:\/\/museedujeu.ch\/de\/wp-json\/wp\/v2\/types\/page"}],"author":[{"embeddable":true,"href":"https:\/\/museedujeu.ch\/de\/wp-json\/wp\/v2\/users\/1"}],"replies":[{"embeddable":true,"href":"https:\/\/museedujeu.ch\/de\/wp-json\/wp\/v2\/comments?post=1756"}],"version-history":[{"count":0,"href":"https:\/\/museedujeu.ch\/de\/wp-json\/wp\/v2\/pages\/1756\/revisions"}],"wp:attachment":[{"href":"https:\/\/museedujeu.ch\/de\/wp-json\/wp\/v2\/media?parent=1756"}],"curies":[{"name":"wp","href":"https:\/\/api.w.org\/{rel}","templated":true}]}}