{"id":1435,"date":"2024-05-24T11:54:15","date_gmt":"2024-05-24T09:54:15","guid":{"rendered":"https:\/\/museedujeu.ch\/stiftung\/"},"modified":"2025-06-18T15:04:45","modified_gmt":"2025-06-18T13:04:45","slug":"stiftung","status":"publish","type":"page","link":"https:\/\/museedujeu.ch\/de\/stiftung\/","title":{"rendered":"Stiftung"},"content":{"rendered":"\n<p>Das Ziel der Stiftung ist die F\u00f6rderung der Spielkultur als Teil des universellen Kulturerbes. Die Stiftung garantiert den Fortbestand des MSJ, dessen Eigent\u00fcmerin sie ist, insbesondere durch die Bereicherung und Pr\u00e4sentation der Sammlungen und das Angebot von Veranstaltungen f\u00fcr ein zunehmend interessiertes Publikum.<br\/><br\/>Der Stiftungsrat, das Verwaltungsorgan, setzt sich aus Vertretern der Stadt La Tour-de-Peilz, der Vereinigung der Freunde des Museums und Experten in wichtigen Bereichen wie der Geschichte des Spiels, Kultur, Forschung, Tourismus, Wirtschaft und Rechtsprechung zusammen.<br\/><br\/>Durch Ihre moralische und finanzielle Unterst\u00fctzung tragen Sie wesentlich dazu bei, die Aktivit\u00e4ten der Stiftung Schweizerisches Spielmuseum zu f\u00f6rdern und ihr die Erf\u00fcllung ihrer Aufgaben zu erm\u00f6glichen. Helfen Sie uns!<\/p>\n","protected":false},"excerpt":{"rendered":"<p>Das Ziel der Stiftung ist die F\u00f6rderung der Spielkultur als Teil des universellen Kulturerbes. Die Stiftung garantiert den Fortbestand des MSJ, dessen Eigent\u00fcmerin sie ist, insbesondere durch die Bereicherung und Pr\u00e4sentation der Sammlungen und das Angebot von Veranstaltungen f\u00fcr ein zunehmend interessiertes Publikum. Der Stiftungsrat, das Verwaltungsorgan, setzt sich aus Vertretern der Stadt La Tour-de-Peilz, [&hellip;]<\/p>\n","protected":false},"author":1,"featured_media":0,"parent":0,"menu_order":0,"comment_status":"closed","ping_status":"closed","template":"template-foundation.php","meta":{"_acf_changed":false,"footnotes":""},"class_list":["post-1435","page","type-page","status-publish","hentry"],"acf":[],"yoast_head":"<!-- This site is optimized with the Yoast SEO plugin v26.9 - https:\/\/yoast.com\/product\/yoast-seo-wordpress\/ -->\n<title>Stiftung | Mus\u00e9e Suisse du Jeu<\/title>\n<meta name=\"robots\" content=\"index, follow, max-snippet:-1, max-image-preview:large, max-video-preview:-1\" \/>\n<link rel=\"canonical\" href=\"https:\/\/museedujeu.ch\/de\/stiftung\/\" \/>\n<meta property=\"og:locale\" content=\"de_DE\" \/>\n<meta property=\"og:type\" content=\"article\" \/>\n<meta property=\"og:title\" content=\"Stiftung | Mus\u00e9e Suisse du Jeu\" \/>\n<meta property=\"og:description\" content=\"Das Ziel der Stiftung ist die F\u00f6rderung der Spielkultur als Teil des universellen Kulturerbes. Die Stiftung garantiert den Fortbestand des MSJ, dessen Eigent\u00fcmerin sie ist, insbesondere durch die Bereicherung und Pr\u00e4sentation der Sammlungen und das Angebot von Veranstaltungen f\u00fcr ein zunehmend interessiertes Publikum. Der Stiftungsrat, das Verwaltungsorgan, setzt sich aus Vertretern der Stadt La Tour-de-Peilz, [&hellip;]\" \/>\n<meta property=\"og:url\" content=\"https:\/\/museedujeu.ch\/de\/stiftung\/\" \/>\n<meta property=\"og:site_name\" content=\"Mus\u00e9e Suisse du Jeu\" \/>\n<meta property=\"article:publisher\" content=\"https:\/\/www.facebook.com\/museesuissedujeu\" \/>\n<meta property=\"article:modified_time\" content=\"2025-06-18T13:04:45+00:00\" \/>\n<meta property=\"og:image\" content=\"https:\/\/museedujeu.ch\/wp-content\/uploads\/2024\/02\/frame-1..jpg\" \/>\n\t<meta property=\"og:image:width\" content=\"2400\" \/>\n\t<meta property=\"og:image:height\" content=\"1350\" \/>\n\t<meta property=\"og:image:type\" content=\"image\/jpeg\" \/>\n<meta name=\"twitter:card\" content=\"summary_large_image\" \/>\n<meta name=\"twitter:label1\" content=\"Gesch\u00e4tzte Lesezeit\" \/>\n\t<meta name=\"twitter:data1\" content=\"1\u00a0Minute\" \/>\n<script type=\"application\/ld+json\" class=\"yoast-schema-graph\">{\"@context\":\"https:\/\/schema.org\",\"@graph\":[{\"@type\":\"WebPage\",\"@id\":\"https:\/\/museedujeu.ch\/de\/stiftung\/\",\"url\":\"https:\/\/museedujeu.ch\/de\/stiftung\/\",\"name\":\"Stiftung | Mus\u00e9e Suisse du Jeu\",\"isPartOf\":{\"@id\":\"https:\/\/museedujeu.ch\/de\/#website\"},\"datePublished\":\"2024-05-24T09:54:15+00:00\",\"dateModified\":\"2025-06-18T13:04:45+00:00\",\"breadcrumb\":{\"@id\":\"https:\/\/museedujeu.ch\/de\/stiftung\/#breadcrumb\"},\"inLanguage\":\"de\",\"potentialAction\":[{\"@type\":\"ReadAction\",\"target\":[\"https:\/\/museedujeu.ch\/de\/stiftung\/\"]}]},{\"@type\":\"BreadcrumbList\",\"@id\":\"https:\/\/museedujeu.ch\/de\/stiftung\/#breadcrumb\",\"itemListElement\":[{\"@type\":\"ListItem\",\"position\":1,\"name\":\"Accueil\",\"item\":\"https:\/\/museedujeu.ch\/de\/startseite\/\"},{\"@type\":\"ListItem\",\"position\":2,\"name\":\"Stiftung\"}]},{\"@type\":\"WebSite\",\"@id\":\"https:\/\/museedujeu.ch\/de\/#website\",\"url\":\"https:\/\/museedujeu.ch\/de\/\",\"name\":\"Mus\u00e9e Suisse du jeu\",\"description\":\"Voyage ludique et fascinant dans le monde des jeux\",\"publisher\":{\"@id\":\"https:\/\/museedujeu.ch\/de\/#organization\"},\"alternateName\":\"MSJ\",\"potentialAction\":[{\"@type\":\"SearchAction\",\"target\":{\"@type\":\"EntryPoint\",\"urlTemplate\":\"https:\/\/museedujeu.ch\/de\/?s={search_term_string}\"},\"query-input\":{\"@type\":\"PropertyValueSpecification\",\"valueRequired\":true,\"valueName\":\"search_term_string\"}}],\"inLanguage\":\"de\"},{\"@type\":\"Organization\",\"@id\":\"https:\/\/museedujeu.ch\/de\/#organization\",\"name\":\"Mus\u00e9e Suisse du jeu\",\"alternateName\":\"MSJ\",\"url\":\"https:\/\/museedujeu.ch\/de\/\",\"logo\":{\"@type\":\"ImageObject\",\"inLanguage\":\"de\",\"@id\":\"https:\/\/museedujeu.ch\/de\/#\/schema\/logo\/image\/\",\"url\":\"https:\/\/museedujeu.321dev.ch\/wp-content\/uploads\/2024\/01\/favicon..png\",\"contentUrl\":\"https:\/\/museedujeu.321dev.ch\/wp-content\/uploads\/2024\/01\/favicon..png\",\"width\":512,\"height\":512,\"caption\":\"Mus\u00e9e Suisse du jeu\"},\"image\":{\"@id\":\"https:\/\/museedujeu.ch\/de\/#\/schema\/logo\/image\/\"},\"sameAs\":[\"https:\/\/www.facebook.com\/museesuissedujeu\",\"https:\/\/www.instagram.com\/museesuissedujeu\/\"]}]}<\/script>\n<!-- \/ Yoast SEO plugin. -->","yoast_head_json":{"title":"Stiftung | Mus\u00e9e Suisse du Jeu","robots":{"index":"index","follow":"follow","max-snippet":"max-snippet:-1","max-image-preview":"max-image-preview:large","max-video-preview":"max-video-preview:-1"},"canonical":"https:\/\/museedujeu.ch\/de\/stiftung\/","og_locale":"de_DE","og_type":"article","og_title":"Stiftung | Mus\u00e9e Suisse du Jeu","og_description":"Das Ziel der Stiftung ist die F\u00f6rderung der Spielkultur als Teil des universellen Kulturerbes. Die Stiftung garantiert den Fortbestand des MSJ, dessen Eigent\u00fcmerin sie ist, insbesondere durch die Bereicherung und Pr\u00e4sentation der Sammlungen und das Angebot von Veranstaltungen f\u00fcr ein zunehmend interessiertes Publikum. Der Stiftungsrat, das Verwaltungsorgan, setzt sich aus Vertretern der Stadt La Tour-de-Peilz, [&hellip;]","og_url":"https:\/\/museedujeu.ch\/de\/stiftung\/","og_site_name":"Mus\u00e9e Suisse du Jeu","article_publisher":"https:\/\/www.facebook.com\/museesuissedujeu","article_modified_time":"2025-06-18T13:04:45+00:00","og_image":[{"width":2400,"height":1350,"url":"https:\/\/museedujeu.ch\/wp-content\/uploads\/2024\/02\/frame-1..jpg","type":"image\/jpeg"}],"twitter_card":"summary_large_image","twitter_misc":{"Gesch\u00e4tzte Lesezeit":"1\u00a0Minute"},"schema":{"@context":"https:\/\/schema.org","@graph":[{"@type":"WebPage","@id":"https:\/\/museedujeu.ch\/de\/stiftung\/","url":"https:\/\/museedujeu.ch\/de\/stiftung\/","name":"Stiftung | Mus\u00e9e Suisse du Jeu","isPartOf":{"@id":"https:\/\/museedujeu.ch\/de\/#website"},"datePublished":"2024-05-24T09:54:15+00:00","dateModified":"2025-06-18T13:04:45+00:00","breadcrumb":{"@id":"https:\/\/museedujeu.ch\/de\/stiftung\/#breadcrumb"},"inLanguage":"de","potentialAction":[{"@type":"ReadAction","target":["https:\/\/museedujeu.ch\/de\/stiftung\/"]}]},{"@type":"BreadcrumbList","@id":"https:\/\/museedujeu.ch\/de\/stiftung\/#breadcrumb","itemListElement":[{"@type":"ListItem","position":1,"name":"Accueil","item":"https:\/\/museedujeu.ch\/de\/startseite\/"},{"@type":"ListItem","position":2,"name":"Stiftung"}]},{"@type":"WebSite","@id":"https:\/\/museedujeu.ch\/de\/#website","url":"https:\/\/museedujeu.ch\/de\/","name":"Mus\u00e9e Suisse du jeu","description":"Voyage ludique et fascinant dans le monde des jeux","publisher":{"@id":"https:\/\/museedujeu.ch\/de\/#organization"},"alternateName":"MSJ","potentialAction":[{"@type":"SearchAction","target":{"@type":"EntryPoint","urlTemplate":"https:\/\/museedujeu.ch\/de\/?s={search_term_string}"},"query-input":{"@type":"PropertyValueSpecification","valueRequired":true,"valueName":"search_term_string"}}],"inLanguage":"de"},{"@type":"Organization","@id":"https:\/\/museedujeu.ch\/de\/#organization","name":"Mus\u00e9e Suisse du jeu","alternateName":"MSJ","url":"https:\/\/museedujeu.ch\/de\/","logo":{"@type":"ImageObject","inLanguage":"de","@id":"https:\/\/museedujeu.ch\/de\/#\/schema\/logo\/image\/","url":"https:\/\/museedujeu.321dev.ch\/wp-content\/uploads\/2024\/01\/favicon..png","contentUrl":"https:\/\/museedujeu.321dev.ch\/wp-content\/uploads\/2024\/01\/favicon..png","width":512,"height":512,"caption":"Mus\u00e9e Suisse du jeu"},"image":{"@id":"https:\/\/museedujeu.ch\/de\/#\/schema\/logo\/image\/"},"sameAs":["https:\/\/www.facebook.com\/museesuissedujeu","https:\/\/www.instagram.com\/museesuissedujeu\/"]}]}},"_links":{"self":[{"href":"https:\/\/museedujeu.ch\/de\/wp-json\/wp\/v2\/pages\/1435","targetHints":{"allow":["GET"]}}],"collection":[{"href":"https:\/\/museedujeu.ch\/de\/wp-json\/wp\/v2\/pages"}],"about":[{"href":"https:\/\/museedujeu.ch\/de\/wp-json\/wp\/v2\/types\/page"}],"author":[{"embeddable":true,"href":"https:\/\/museedujeu.ch\/de\/wp-json\/wp\/v2\/users\/1"}],"replies":[{"embeddable":true,"href":"https:\/\/museedujeu.ch\/de\/wp-json\/wp\/v2\/comments?post=1435"}],"version-history":[{"count":0,"href":"https:\/\/museedujeu.ch\/de\/wp-json\/wp\/v2\/pages\/1435\/revisions"}],"wp:attachment":[{"href":"https:\/\/museedujeu.ch\/de\/wp-json\/wp\/v2\/media?parent=1435"}],"curies":[{"name":"wp","href":"https:\/\/api.w.org\/{rel}","templated":true}]}}