{"id":1429,"date":"2024-05-24T11:53:44","date_gmt":"2024-05-24T09:53:44","guid":{"rendered":"https:\/\/museedujeu.ch\/shop\/"},"modified":"2025-10-09T12:00:32","modified_gmt":"2025-10-09T10:00:32","slug":"shop-4","status":"publish","type":"page","link":"https:\/\/museedujeu.ch\/de\/shop-4\/","title":{"rendered":"Shop"},"content":{"rendered":"\n<p>Entdecken Sie den Shop des Schweizer Spielmuseums, ein Ort, der den Liebhabern von Spielen in all ihren Formen gewidmet ist:<\/p>\n\n<ul class=\"wp-block-list\">\n<li><strong>Spiele f\u00fcr alle Altersgruppen und Niveaus<\/strong>: Kinder, Familien, Anf\u00e4nger und Experten.<br\/> <\/li>\n\n\n\n<li><strong>Sammelkartenspiele<\/strong>: die beliebten <em>Lorcana<\/em> und <em>Star Wars Unlimited<\/em>.<br\/> <\/li>\n\n\n\n<li><strong>R\u00e4tsel und Puzzles<\/strong>: Herausforderungen f\u00fcr jedes Alter.<br\/> <\/li>\n\n\n\n<li><strong>Zeitlose Klassiker<\/strong>: traditionelle Spiele und klassische Karten.<br\/> <\/li>\n\n\n\n<li><strong>B\u00fccher f\u00fcr kleine und gro\u00dfe Neugierige<\/strong>: Fachb\u00fccher \u00fcber die Geschichte der Spiele und interaktive Spielb\u00fccher, wie z.B. <em>B\u00fccher<\/em>, in <em>denen Sie der Held sind<\/em>, Detektivb\u00fccher und andere fesselnde Abenteuer.<br\/> <\/li>\n\n\n\n<li><strong>Spielzubeh\u00f6r<\/strong>: W\u00fcrfel, Kreisel, Murmeln und viele andere unentbehrliche Dinge.<\/li>\n<\/ul>\n\n<p>Und das ist noch nicht alles! In einem angrenzenden <a href=\"https:\/\/museedujeu.ch\/de\/shop-3\/\">Spielzimmer<\/a>, das frei zug\u00e4nglich ist, ohne dass Sie das Museum besuchen m\u00fcssen, k\u00f6nnen Sie viele Spiele testen, bevor Sie sie kaufen.<\/p>\n\n<p>Ob Sie nun Gelegenheitsspieler, leidenschaftlicher Sammler oder auf der Suche nach einem originellen Geschenk sind, der MSJ-Shop bietet alles, was das Herz begehrt.<\/p>\n\n<p><strong>Entdecken, testen und teilen Sie Ihre Leidenschaft f\u00fcr Spiele!<\/strong><\/p>\n\n<p><em>Die Boutique des MSJ befindet sich im Schloss von La Tour-de-Peilz und ist dienstags bis sonntags von 11.00 bis 17.30 Uhr ge\u00f6ffnet und auch ohne Besuch des Museums zug\u00e4nglich.<\/em><\/p>\n","protected":false},"excerpt":{"rendered":"<p>Entdecken Sie den Shop des Schweizer Spielmuseums, ein Ort, der den Liebhabern von Spielen in all ihren Formen gewidmet ist: Und das ist noch nicht alles! In einem angrenzenden Spielzimmer, das frei zug\u00e4nglich ist, ohne dass Sie das Museum besuchen m\u00fcssen, k\u00f6nnen Sie viele Spiele testen, bevor Sie sie kaufen. Ob Sie nun Gelegenheitsspieler, leidenschaftlicher [&hellip;]<\/p>\n","protected":false},"author":1,"featured_media":0,"parent":0,"menu_order":0,"comment_status":"closed","ping_status":"closed","template":"template-store.php","meta":{"_acf_changed":false,"footnotes":""},"class_list":["post-1429","page","type-page","status-publish","hentry"],"acf":[],"yoast_head":"<!-- This site is optimized with the Yoast SEO plugin v27.4 - https:\/\/yoast.com\/product\/yoast-seo-wordpress\/ -->\n<title>Shop | Mus\u00e9e Suisse du Jeu<\/title>\n<meta name=\"robots\" content=\"index, follow, max-snippet:-1, max-image-preview:large, max-video-preview:-1\" \/>\n<link rel=\"canonical\" href=\"https:\/\/museedujeu.ch\/de\/shop-4\/\" \/>\n<meta property=\"og:locale\" content=\"de_DE\" \/>\n<meta property=\"og:type\" content=\"article\" \/>\n<meta property=\"og:title\" content=\"Shop | Mus\u00e9e Suisse du Jeu\" \/>\n<meta property=\"og:description\" content=\"Entdecken Sie den Shop des Schweizer Spielmuseums, ein Ort, der den Liebhabern von Spielen in all ihren Formen gewidmet ist: Und das ist noch nicht alles! In einem angrenzenden Spielzimmer, das frei zug\u00e4nglich ist, ohne dass Sie das Museum besuchen m\u00fcssen, k\u00f6nnen Sie viele Spiele testen, bevor Sie sie kaufen. Ob Sie nun Gelegenheitsspieler, leidenschaftlicher [&hellip;]\" \/>\n<meta property=\"og:url\" content=\"https:\/\/museedujeu.ch\/de\/shop-4\/\" \/>\n<meta property=\"og:site_name\" content=\"Mus\u00e9e Suisse du Jeu\" \/>\n<meta property=\"article:publisher\" content=\"https:\/\/www.facebook.com\/museesuissedujeu\" \/>\n<meta property=\"article:modified_time\" content=\"2025-10-09T10:00:32+00:00\" \/>\n<meta property=\"og:image\" content=\"https:\/\/museedujeu.ch\/wp-content\/uploads\/2024\/02\/frame-1..jpg\" \/>\n\t<meta property=\"og:image:width\" content=\"2400\" \/>\n\t<meta property=\"og:image:height\" content=\"1350\" \/>\n\t<meta property=\"og:image:type\" content=\"image\/jpeg\" \/>\n<meta name=\"twitter:card\" content=\"summary_large_image\" \/>\n<meta name=\"twitter:label1\" content=\"Gesch\u00e4tzte Lesezeit\" \/>\n\t<meta name=\"twitter:data1\" content=\"1\u00a0Minute\" \/>\n<script type=\"application\/ld+json\" class=\"yoast-schema-graph\">{\"@context\":\"https:\\\/\\\/schema.org\",\"@graph\":[{\"@type\":\"WebPage\",\"@id\":\"https:\\\/\\\/museedujeu.ch\\\/de\\\/shop-4\\\/\",\"url\":\"https:\\\/\\\/museedujeu.ch\\\/de\\\/shop-4\\\/\",\"name\":\"Shop | Mus\u00e9e Suisse du Jeu\",\"isPartOf\":{\"@id\":\"https:\\\/\\\/museedujeu.ch\\\/de\\\/#website\"},\"datePublished\":\"2024-05-24T09:53:44+00:00\",\"dateModified\":\"2025-10-09T10:00:32+00:00\",\"breadcrumb\":{\"@id\":\"https:\\\/\\\/museedujeu.ch\\\/de\\\/shop-4\\\/#breadcrumb\"},\"inLanguage\":\"de\",\"potentialAction\":[{\"@type\":\"ReadAction\",\"target\":[\"https:\\\/\\\/museedujeu.ch\\\/de\\\/shop-4\\\/\"]}]},{\"@type\":\"BreadcrumbList\",\"@id\":\"https:\\\/\\\/museedujeu.ch\\\/de\\\/shop-4\\\/#breadcrumb\",\"itemListElement\":[{\"@type\":\"ListItem\",\"position\":1,\"name\":\"Accueil\",\"item\":\"https:\\\/\\\/museedujeu.ch\\\/de\\\/startseite\\\/\"},{\"@type\":\"ListItem\",\"position\":2,\"name\":\"Shop\"}]},{\"@type\":\"WebSite\",\"@id\":\"https:\\\/\\\/museedujeu.ch\\\/de\\\/#website\",\"url\":\"https:\\\/\\\/museedujeu.ch\\\/de\\\/\",\"name\":\"Mus\u00e9e Suisse du jeu\",\"description\":\"Voyage ludique et fascinant dans le monde des jeux\",\"publisher\":{\"@id\":\"https:\\\/\\\/museedujeu.ch\\\/de\\\/#organization\"},\"alternateName\":\"MSJ\",\"potentialAction\":[{\"@type\":\"SearchAction\",\"target\":{\"@type\":\"EntryPoint\",\"urlTemplate\":\"https:\\\/\\\/museedujeu.ch\\\/de\\\/?s={search_term_string}\"},\"query-input\":{\"@type\":\"PropertyValueSpecification\",\"valueRequired\":true,\"valueName\":\"search_term_string\"}}],\"inLanguage\":\"de\"},{\"@type\":\"Organization\",\"@id\":\"https:\\\/\\\/museedujeu.ch\\\/de\\\/#organization\",\"name\":\"Mus\u00e9e Suisse du jeu\",\"alternateName\":\"MSJ\",\"url\":\"https:\\\/\\\/museedujeu.ch\\\/de\\\/\",\"logo\":{\"@type\":\"ImageObject\",\"inLanguage\":\"de\",\"@id\":\"https:\\\/\\\/museedujeu.ch\\\/de\\\/#\\\/schema\\\/logo\\\/image\\\/\",\"url\":\"https:\\\/\\\/museedujeu.321dev.ch\\\/wp-content\\\/uploads\\\/2024\\\/01\\\/favicon..png\",\"contentUrl\":\"https:\\\/\\\/museedujeu.321dev.ch\\\/wp-content\\\/uploads\\\/2024\\\/01\\\/favicon..png\",\"width\":512,\"height\":512,\"caption\":\"Mus\u00e9e Suisse du jeu\"},\"image\":{\"@id\":\"https:\\\/\\\/museedujeu.ch\\\/de\\\/#\\\/schema\\\/logo\\\/image\\\/\"},\"sameAs\":[\"https:\\\/\\\/www.facebook.com\\\/museesuissedujeu\",\"https:\\\/\\\/www.instagram.com\\\/museesuissedujeu\\\/\"]}]}<\/script>\n<!-- \/ Yoast SEO plugin. -->","yoast_head_json":{"title":"Shop | Mus\u00e9e Suisse du Jeu","robots":{"index":"index","follow":"follow","max-snippet":"max-snippet:-1","max-image-preview":"max-image-preview:large","max-video-preview":"max-video-preview:-1"},"canonical":"https:\/\/museedujeu.ch\/de\/shop-4\/","og_locale":"de_DE","og_type":"article","og_title":"Shop | Mus\u00e9e Suisse du Jeu","og_description":"Entdecken Sie den Shop des Schweizer Spielmuseums, ein Ort, der den Liebhabern von Spielen in all ihren Formen gewidmet ist: Und das ist noch nicht alles! In einem angrenzenden Spielzimmer, das frei zug\u00e4nglich ist, ohne dass Sie das Museum besuchen m\u00fcssen, k\u00f6nnen Sie viele Spiele testen, bevor Sie sie kaufen. Ob Sie nun Gelegenheitsspieler, leidenschaftlicher [&hellip;]","og_url":"https:\/\/museedujeu.ch\/de\/shop-4\/","og_site_name":"Mus\u00e9e Suisse du Jeu","article_publisher":"https:\/\/www.facebook.com\/museesuissedujeu","article_modified_time":"2025-10-09T10:00:32+00:00","og_image":[{"width":2400,"height":1350,"url":"https:\/\/museedujeu.ch\/wp-content\/uploads\/2024\/02\/frame-1..jpg","type":"image\/jpeg"}],"twitter_card":"summary_large_image","twitter_misc":{"Gesch\u00e4tzte Lesezeit":"1\u00a0Minute"},"schema":{"@context":"https:\/\/schema.org","@graph":[{"@type":"WebPage","@id":"https:\/\/museedujeu.ch\/de\/shop-4\/","url":"https:\/\/museedujeu.ch\/de\/shop-4\/","name":"Shop | Mus\u00e9e Suisse du Jeu","isPartOf":{"@id":"https:\/\/museedujeu.ch\/de\/#website"},"datePublished":"2024-05-24T09:53:44+00:00","dateModified":"2025-10-09T10:00:32+00:00","breadcrumb":{"@id":"https:\/\/museedujeu.ch\/de\/shop-4\/#breadcrumb"},"inLanguage":"de","potentialAction":[{"@type":"ReadAction","target":["https:\/\/museedujeu.ch\/de\/shop-4\/"]}]},{"@type":"BreadcrumbList","@id":"https:\/\/museedujeu.ch\/de\/shop-4\/#breadcrumb","itemListElement":[{"@type":"ListItem","position":1,"name":"Accueil","item":"https:\/\/museedujeu.ch\/de\/startseite\/"},{"@type":"ListItem","position":2,"name":"Shop"}]},{"@type":"WebSite","@id":"https:\/\/museedujeu.ch\/de\/#website","url":"https:\/\/museedujeu.ch\/de\/","name":"Mus\u00e9e Suisse du jeu","description":"Voyage ludique et fascinant dans le monde des jeux","publisher":{"@id":"https:\/\/museedujeu.ch\/de\/#organization"},"alternateName":"MSJ","potentialAction":[{"@type":"SearchAction","target":{"@type":"EntryPoint","urlTemplate":"https:\/\/museedujeu.ch\/de\/?s={search_term_string}"},"query-input":{"@type":"PropertyValueSpecification","valueRequired":true,"valueName":"search_term_string"}}],"inLanguage":"de"},{"@type":"Organization","@id":"https:\/\/museedujeu.ch\/de\/#organization","name":"Mus\u00e9e Suisse du jeu","alternateName":"MSJ","url":"https:\/\/museedujeu.ch\/de\/","logo":{"@type":"ImageObject","inLanguage":"de","@id":"https:\/\/museedujeu.ch\/de\/#\/schema\/logo\/image\/","url":"https:\/\/museedujeu.321dev.ch\/wp-content\/uploads\/2024\/01\/favicon..png","contentUrl":"https:\/\/museedujeu.321dev.ch\/wp-content\/uploads\/2024\/01\/favicon..png","width":512,"height":512,"caption":"Mus\u00e9e Suisse du jeu"},"image":{"@id":"https:\/\/museedujeu.ch\/de\/#\/schema\/logo\/image\/"},"sameAs":["https:\/\/www.facebook.com\/museesuissedujeu","https:\/\/www.instagram.com\/museesuissedujeu\/"]}]}},"_links":{"self":[{"href":"https:\/\/museedujeu.ch\/de\/wp-json\/wp\/v2\/pages\/1429","targetHints":{"allow":["GET"]}}],"collection":[{"href":"https:\/\/museedujeu.ch\/de\/wp-json\/wp\/v2\/pages"}],"about":[{"href":"https:\/\/museedujeu.ch\/de\/wp-json\/wp\/v2\/types\/page"}],"author":[{"embeddable":true,"href":"https:\/\/museedujeu.ch\/de\/wp-json\/wp\/v2\/users\/1"}],"replies":[{"embeddable":true,"href":"https:\/\/museedujeu.ch\/de\/wp-json\/wp\/v2\/comments?post=1429"}],"version-history":[{"count":0,"href":"https:\/\/museedujeu.ch\/de\/wp-json\/wp\/v2\/pages\/1429\/revisions"}],"wp:attachment":[{"href":"https:\/\/museedujeu.ch\/de\/wp-json\/wp\/v2\/media?parent=1429"}],"curies":[{"name":"wp","href":"https:\/\/api.w.org\/{rel}","templated":true}]}}