{"id":1422,"date":"2024-05-24T11:50:40","date_gmt":"2024-05-24T09:50:40","guid":{"rendered":"https:\/\/museedujeu.ch\/verein-der-freunde-des-museums\/"},"modified":"2025-10-09T16:16:10","modified_gmt":"2025-10-09T14:16:10","slug":"verein-der-freunde-des-museums","status":"publish","type":"page","link":"https:\/\/museedujeu.ch\/de\/verein-der-freunde-des-museums\/","title":{"rendered":"Verein der Freunde des Museums"},"content":{"rendered":"\n<p>Sie versucht insbesondere, Menschen zusammenzubringen, die ein Interesse am Spiel als universellem Kulturgut haben, den Ruf des Museums zu f\u00f6rdern, Forschungsarbeiten zu finanzieren, die Ver\u00f6ffentlichung von Studien und Fachb\u00fcchern zu erleichtern oder zu realisieren, die Sammlung zu bereichern, die Teilnahme von Freiwilligen an den vom Museum organisierten Veranstaltungen zu f\u00f6rdern, die Dienstleistungen des Museums zu verbessern und Konferenzen zu organisieren.<\/p>\n\n<p><strong>Die Mitglieder zahlen den folgenden Jahresbeitrag<\/strong>:<\/p>\n\n<ul class=\"wp-block-list\">\n<li>Einzelmitglied CHF 40.<\/li>\n\n\n\n<li>Jugendlicher (bis 25 Jahre) oder Senior (ab 60 Jahre) CHF 30.<\/li>\n\n\n\n<li>Paar oder Familie CHF 60.<\/li>\n\n\n\n<li>Kollektivmitglied CHF 150.<\/li>\n<\/ul>\n\n<p>Jeder zus\u00e4tzliche Betrag in Form einer Spende ist willkommen.<\/p>\n\n<p><strong>Wenn Sie Mitglied des Vereins der Freunde des Schweizer Spielmuseums werden, profitieren Sie nicht nur von der Unterst\u00fctzung dieses au\u00dfergew\u00f6hnlichen Ortes, sondern auch von den folgenden Vorteilen:<\/strong><\/p>\n\n<ul class=\"wp-block-list\">\n<li>Freier Eintritt zum MSJ<\/li>\n\n\n\n<li>Veranstaltungen und Events, die ausschlie\u00dflich Mitgliedern vorbehalten sind; thematische Konferenzen, spezielle F\u00fchrungen&#8230;<\/li>\n\n\n\n<li>Einladung zur Er\u00f6ffnung von Ausstellungen und anderen vom Museum organisierten Veranstaltungen<\/li>\n\n\n\n<li>10% Rabatt auf Eink\u00e4ufe im Museumsshop<\/li>\n\n\n\n<li>50% auf den Jahresbeitrag f\u00fcr alle Kinder zwischen 6 und 16 Jahren, die als Mitglieder des Junior-Schachclubs angemeldet sind, der samstags morgens vom Museum organisiert wird.<\/li>\n<\/ul>\n\n<div class=\"member-button\">\n<a role=\"button\" class=\"hover-bg-green rounded reverse-bg button btn-primary\"><span style=\"white\">Werden Sie Mitglied!<\/span><\/a>\n<\/div>\n\n<p><\/p>\n","protected":false},"excerpt":{"rendered":"<p>Sie versucht insbesondere, Menschen zusammenzubringen, die ein Interesse am Spiel als universellem Kulturgut haben, den Ruf des Museums zu f\u00f6rdern, Forschungsarbeiten zu finanzieren, die Ver\u00f6ffentlichung von Studien und Fachb\u00fcchern zu erleichtern oder zu realisieren, die Sammlung zu bereichern, die Teilnahme von Freiwilligen an den vom Museum organisierten Veranstaltungen zu f\u00f6rdern, die Dienstleistungen des Museums zu [&hellip;]<\/p>\n","protected":false},"author":1,"featured_media":0,"parent":0,"menu_order":0,"comment_status":"closed","ping_status":"closed","template":"template-association.php","meta":{"_acf_changed":false,"footnotes":""},"class_list":["post-1422","page","type-page","status-publish","hentry"],"acf":[],"yoast_head":"<!-- This site is optimized with the Yoast SEO plugin v26.9 - https:\/\/yoast.com\/product\/yoast-seo-wordpress\/ -->\n<title>Verein der Freunde des Museums | Mus\u00e9e Suisse du Jeu<\/title>\n<meta name=\"robots\" content=\"index, follow, max-snippet:-1, max-image-preview:large, max-video-preview:-1\" \/>\n<link rel=\"canonical\" href=\"https:\/\/museedujeu.ch\/de\/verein-der-freunde-des-museums\/\" \/>\n<meta property=\"og:locale\" content=\"de_DE\" \/>\n<meta property=\"og:type\" content=\"article\" \/>\n<meta property=\"og:title\" content=\"Verein der Freunde des Museums | Mus\u00e9e Suisse du Jeu\" \/>\n<meta property=\"og:description\" content=\"Sie versucht insbesondere, Menschen zusammenzubringen, die ein Interesse am Spiel als universellem Kulturgut haben, den Ruf des Museums zu f\u00f6rdern, Forschungsarbeiten zu finanzieren, die Ver\u00f6ffentlichung von Studien und Fachb\u00fcchern zu erleichtern oder zu realisieren, die Sammlung zu bereichern, die Teilnahme von Freiwilligen an den vom Museum organisierten Veranstaltungen zu f\u00f6rdern, die Dienstleistungen des Museums zu [&hellip;]\" \/>\n<meta property=\"og:url\" content=\"https:\/\/museedujeu.ch\/de\/verein-der-freunde-des-museums\/\" \/>\n<meta property=\"og:site_name\" content=\"Mus\u00e9e Suisse du Jeu\" \/>\n<meta property=\"article:publisher\" content=\"https:\/\/www.facebook.com\/museesuissedujeu\" \/>\n<meta property=\"article:modified_time\" content=\"2025-10-09T14:16:10+00:00\" \/>\n<meta property=\"og:image\" content=\"https:\/\/museedujeu.ch\/wp-content\/uploads\/2024\/02\/frame-1..jpg\" \/>\n\t<meta property=\"og:image:width\" content=\"2400\" \/>\n\t<meta property=\"og:image:height\" content=\"1350\" \/>\n\t<meta property=\"og:image:type\" content=\"image\/jpeg\" \/>\n<meta name=\"twitter:card\" content=\"summary_large_image\" \/>\n<meta name=\"twitter:label1\" content=\"Gesch\u00e4tzte Lesezeit\" \/>\n\t<meta name=\"twitter:data1\" content=\"1\u00a0Minute\" \/>\n<script type=\"application\/ld+json\" class=\"yoast-schema-graph\">{\"@context\":\"https:\/\/schema.org\",\"@graph\":[{\"@type\":\"WebPage\",\"@id\":\"https:\/\/museedujeu.ch\/de\/verein-der-freunde-des-museums\/\",\"url\":\"https:\/\/museedujeu.ch\/de\/verein-der-freunde-des-museums\/\",\"name\":\"Verein der Freunde des Museums | Mus\u00e9e Suisse du Jeu\",\"isPartOf\":{\"@id\":\"https:\/\/museedujeu.ch\/de\/#website\"},\"datePublished\":\"2024-05-24T09:50:40+00:00\",\"dateModified\":\"2025-10-09T14:16:10+00:00\",\"breadcrumb\":{\"@id\":\"https:\/\/museedujeu.ch\/de\/verein-der-freunde-des-museums\/#breadcrumb\"},\"inLanguage\":\"de\",\"potentialAction\":[{\"@type\":\"ReadAction\",\"target\":[\"https:\/\/museedujeu.ch\/de\/verein-der-freunde-des-museums\/\"]}]},{\"@type\":\"BreadcrumbList\",\"@id\":\"https:\/\/museedujeu.ch\/de\/verein-der-freunde-des-museums\/#breadcrumb\",\"itemListElement\":[{\"@type\":\"ListItem\",\"position\":1,\"name\":\"Accueil\",\"item\":\"https:\/\/museedujeu.ch\/de\/startseite\/\"},{\"@type\":\"ListItem\",\"position\":2,\"name\":\"Verein der Freunde des Museums\"}]},{\"@type\":\"WebSite\",\"@id\":\"https:\/\/museedujeu.ch\/de\/#website\",\"url\":\"https:\/\/museedujeu.ch\/de\/\",\"name\":\"Mus\u00e9e Suisse du jeu\",\"description\":\"Voyage ludique et fascinant dans le monde des jeux\",\"publisher\":{\"@id\":\"https:\/\/museedujeu.ch\/de\/#organization\"},\"alternateName\":\"MSJ\",\"potentialAction\":[{\"@type\":\"SearchAction\",\"target\":{\"@type\":\"EntryPoint\",\"urlTemplate\":\"https:\/\/museedujeu.ch\/de\/?s={search_term_string}\"},\"query-input\":{\"@type\":\"PropertyValueSpecification\",\"valueRequired\":true,\"valueName\":\"search_term_string\"}}],\"inLanguage\":\"de\"},{\"@type\":\"Organization\",\"@id\":\"https:\/\/museedujeu.ch\/de\/#organization\",\"name\":\"Mus\u00e9e Suisse du jeu\",\"alternateName\":\"MSJ\",\"url\":\"https:\/\/museedujeu.ch\/de\/\",\"logo\":{\"@type\":\"ImageObject\",\"inLanguage\":\"de\",\"@id\":\"https:\/\/museedujeu.ch\/de\/#\/schema\/logo\/image\/\",\"url\":\"https:\/\/museedujeu.321dev.ch\/wp-content\/uploads\/2024\/01\/favicon..png\",\"contentUrl\":\"https:\/\/museedujeu.321dev.ch\/wp-content\/uploads\/2024\/01\/favicon..png\",\"width\":512,\"height\":512,\"caption\":\"Mus\u00e9e Suisse du jeu\"},\"image\":{\"@id\":\"https:\/\/museedujeu.ch\/de\/#\/schema\/logo\/image\/\"},\"sameAs\":[\"https:\/\/www.facebook.com\/museesuissedujeu\",\"https:\/\/www.instagram.com\/museesuissedujeu\/\"]}]}<\/script>\n<!-- \/ Yoast SEO plugin. -->","yoast_head_json":{"title":"Verein der Freunde des Museums | Mus\u00e9e Suisse du Jeu","robots":{"index":"index","follow":"follow","max-snippet":"max-snippet:-1","max-image-preview":"max-image-preview:large","max-video-preview":"max-video-preview:-1"},"canonical":"https:\/\/museedujeu.ch\/de\/verein-der-freunde-des-museums\/","og_locale":"de_DE","og_type":"article","og_title":"Verein der Freunde des Museums | Mus\u00e9e Suisse du Jeu","og_description":"Sie versucht insbesondere, Menschen zusammenzubringen, die ein Interesse am Spiel als universellem Kulturgut haben, den Ruf des Museums zu f\u00f6rdern, Forschungsarbeiten zu finanzieren, die Ver\u00f6ffentlichung von Studien und Fachb\u00fcchern zu erleichtern oder zu realisieren, die Sammlung zu bereichern, die Teilnahme von Freiwilligen an den vom Museum organisierten Veranstaltungen zu f\u00f6rdern, die Dienstleistungen des Museums zu [&hellip;]","og_url":"https:\/\/museedujeu.ch\/de\/verein-der-freunde-des-museums\/","og_site_name":"Mus\u00e9e Suisse du Jeu","article_publisher":"https:\/\/www.facebook.com\/museesuissedujeu","article_modified_time":"2025-10-09T14:16:10+00:00","og_image":[{"width":2400,"height":1350,"url":"https:\/\/museedujeu.ch\/wp-content\/uploads\/2024\/02\/frame-1..jpg","type":"image\/jpeg"}],"twitter_card":"summary_large_image","twitter_misc":{"Gesch\u00e4tzte Lesezeit":"1\u00a0Minute"},"schema":{"@context":"https:\/\/schema.org","@graph":[{"@type":"WebPage","@id":"https:\/\/museedujeu.ch\/de\/verein-der-freunde-des-museums\/","url":"https:\/\/museedujeu.ch\/de\/verein-der-freunde-des-museums\/","name":"Verein der Freunde des Museums | Mus\u00e9e Suisse du Jeu","isPartOf":{"@id":"https:\/\/museedujeu.ch\/de\/#website"},"datePublished":"2024-05-24T09:50:40+00:00","dateModified":"2025-10-09T14:16:10+00:00","breadcrumb":{"@id":"https:\/\/museedujeu.ch\/de\/verein-der-freunde-des-museums\/#breadcrumb"},"inLanguage":"de","potentialAction":[{"@type":"ReadAction","target":["https:\/\/museedujeu.ch\/de\/verein-der-freunde-des-museums\/"]}]},{"@type":"BreadcrumbList","@id":"https:\/\/museedujeu.ch\/de\/verein-der-freunde-des-museums\/#breadcrumb","itemListElement":[{"@type":"ListItem","position":1,"name":"Accueil","item":"https:\/\/museedujeu.ch\/de\/startseite\/"},{"@type":"ListItem","position":2,"name":"Verein der Freunde des Museums"}]},{"@type":"WebSite","@id":"https:\/\/museedujeu.ch\/de\/#website","url":"https:\/\/museedujeu.ch\/de\/","name":"Mus\u00e9e Suisse du jeu","description":"Voyage ludique et fascinant dans le monde des jeux","publisher":{"@id":"https:\/\/museedujeu.ch\/de\/#organization"},"alternateName":"MSJ","potentialAction":[{"@type":"SearchAction","target":{"@type":"EntryPoint","urlTemplate":"https:\/\/museedujeu.ch\/de\/?s={search_term_string}"},"query-input":{"@type":"PropertyValueSpecification","valueRequired":true,"valueName":"search_term_string"}}],"inLanguage":"de"},{"@type":"Organization","@id":"https:\/\/museedujeu.ch\/de\/#organization","name":"Mus\u00e9e Suisse du jeu","alternateName":"MSJ","url":"https:\/\/museedujeu.ch\/de\/","logo":{"@type":"ImageObject","inLanguage":"de","@id":"https:\/\/museedujeu.ch\/de\/#\/schema\/logo\/image\/","url":"https:\/\/museedujeu.321dev.ch\/wp-content\/uploads\/2024\/01\/favicon..png","contentUrl":"https:\/\/museedujeu.321dev.ch\/wp-content\/uploads\/2024\/01\/favicon..png","width":512,"height":512,"caption":"Mus\u00e9e Suisse du jeu"},"image":{"@id":"https:\/\/museedujeu.ch\/de\/#\/schema\/logo\/image\/"},"sameAs":["https:\/\/www.facebook.com\/museesuissedujeu","https:\/\/www.instagram.com\/museesuissedujeu\/"]}]}},"_links":{"self":[{"href":"https:\/\/museedujeu.ch\/de\/wp-json\/wp\/v2\/pages\/1422","targetHints":{"allow":["GET"]}}],"collection":[{"href":"https:\/\/museedujeu.ch\/de\/wp-json\/wp\/v2\/pages"}],"about":[{"href":"https:\/\/museedujeu.ch\/de\/wp-json\/wp\/v2\/types\/page"}],"author":[{"embeddable":true,"href":"https:\/\/museedujeu.ch\/de\/wp-json\/wp\/v2\/users\/1"}],"replies":[{"embeddable":true,"href":"https:\/\/museedujeu.ch\/de\/wp-json\/wp\/v2\/comments?post=1422"}],"version-history":[{"count":0,"href":"https:\/\/museedujeu.ch\/de\/wp-json\/wp\/v2\/pages\/1422\/revisions"}],"wp:attachment":[{"href":"https:\/\/museedujeu.ch\/de\/wp-json\/wp\/v2\/media?parent=1422"}],"curies":[{"name":"wp","href":"https:\/\/api.w.org\/{rel}","templated":true}]}}